{"id":9648,"date":"2023-08-16T11:10:49","date_gmt":"2023-08-16T11:10:49","guid":{"rendered":"https:\/\/www.formsell.es\/terminos-y-condiciones-generales"},"modified":"2023-08-16T11:30:19","modified_gmt":"2023-08-16T11:30:19","slug":"allgemeine-geschaeftsbedingungen-agbs","status":"publish","type":"page","link":"https:\/\/www.formsell.es\/de\/allgemeine-geschaeftsbedingungen-agbs","title":{"rendered":"Allgemeine Gesch\u00e4ftsbedingungen (AGB)"},"content":{"rendered":"\t\t<div data-elementor-type=\"wp-page\" data-elementor-id=\"9648\" class=\"elementor elementor-9648 elementor-9640\">\n\t\t\t\t\t\t\t\t\t<section class=\"elementor-section elementor-top-section elementor-element elementor-element-c461c9c elementor-section-boxed elementor-section-height-default elementor-section-height-default\" data-id=\"c461c9c\" data-element_type=\"section\">\n\t\t\t\t\t\t<div class=\"elementor-container elementor-column-gap-default\">\n\t\t\t\t\t<div class=\"elementor-column elementor-col-100 elementor-top-column elementor-element elementor-element-38c87c0\" data-id=\"38c87c0\" data-element_type=\"column\">\n\t\t\t<div class=\"elementor-widget-wrap elementor-element-populated\">\n\t\t\t\t\t\t\t\t<div class=\"elementor-element elementor-element-743f9c8 elementor-widget elementor-widget-text-editor\" data-id=\"743f9c8\" data-element_type=\"widget\" data-widget_type=\"text-editor.default\">\n\t\t\t\t<div class=\"elementor-widget-container\">\n\t\t\t<style>\/*! elementor - v3.18.0 - 08-12-2023 *\/\n.elementor-widget-text-editor.elementor-drop-cap-view-stacked .elementor-drop-cap{background-color:#69727d;color:#fff}.elementor-widget-text-editor.elementor-drop-cap-view-framed .elementor-drop-cap{color:#69727d;border:3px solid;background-color:transparent}.elementor-widget-text-editor:not(.elementor-drop-cap-view-default) .elementor-drop-cap{margin-top:8px}.elementor-widget-text-editor:not(.elementor-drop-cap-view-default) .elementor-drop-cap-letter{width:1em;height:1em}.elementor-widget-text-editor .elementor-drop-cap{float:left;text-align:center;line-height:1;font-size:50px}.elementor-widget-text-editor .elementor-drop-cap-letter{display:inline-block}<\/style>\t\t\t\t<h1>Allgemeine Gesch\u00e4ftsbedingungen (AGB)<\/h1>\t\t\t\t\t\t<\/div>\n\t\t\t\t<\/div>\n\t\t\t\t<div class=\"elementor-element elementor-element-d3b9fcc elementor-widget elementor-widget-text-editor\" data-id=\"d3b9fcc\" data-element_type=\"widget\" data-widget_type=\"text-editor.default\">\n\t\t\t\t<div class=\"elementor-widget-container\">\n\t\t\t\t\t\t\t<h5>Allgemeine Gesch\u00e4ftsbedingungen (AGB) f\u00fcr die Nutzung des Download-Portals &#8222;formsell&#8220;<\/h5><p>\u00a0<\/p><p><strong>Geltungsbereich<\/strong><br \/>Die nachfolgenden Allgemeinen Gesch\u00e4ftsbedingungen regeln die Nutzung des Download-Portals &#8222;formsell&#8220; und gelten f\u00fcr s\u00e4mtliche Kunden, die auf dieses Portal zugreifen und dessen Dienstleistungen nutzen. Durch die Nutzung des Portals erkl\u00e4ren Sie sich mit diesen AGB einverstanden.<\/p><p>\u00a0<\/p><p><strong>Geld-zur\u00fcck-Garantie<\/strong><br \/>Es wird ausdr\u00fccklich darauf hingewiesen, dass keine Geld-zur\u00fcck-Garantie f\u00fcr heruntergeladene Produkte (Vorlagen, Vertr\u00e4ge) gew\u00e4hrt wird. Die bereitgestellten Produkte sind digital und stehen nach dem Download zur Verf\u00fcgung. Eine R\u00fcckerstattung nach dem Download ist nicht m\u00f6glich.<\/p><p>\u00a0<\/p><p><strong>Registrierungspflicht<\/strong><br \/>Die Nutzung des Download-Portals erfordert eine vorherige Registrierung. Kunden sind verpflichtet, ihre Angaben korrekt und aktuell zu halten.<\/p><p>\u00a0<\/p><p><strong>Kostenlose und kostenpflichtige Produkte<\/strong><br \/>Einige Produkte (Vorlagen, Vertr\u00e4ge) k\u00f6nnen kostenlos heruntergeladen werden, w\u00e4hrend andere Produkte kostenpflichtig sind. Die Kostenpflicht der Produkte wird jeweils angezeigt. Alle Preise verstehen sich inklusive der gesetzlichen Mehrwertsteuer (IVA).<\/p><p>\u00a0<\/p><p><strong>Nutzung der Produkte<\/strong><br \/>Jedes heruntergeladene Produkt kann beliebig oft verwendet werden. Die Nutzung der Produkte (Vorlagen, Vertr\u00e4ge) ist ausschlie\u00dflich f\u00fcr eigene Zwecke gestattet. Eine Weitergabe oder der Verkauf der Produkte ist ausdr\u00fccklich untersagt.<\/p><p>\u00a0<\/p><p><strong>Urheberrecht<\/strong><br \/>Das Urheberrecht an den bereitgestellten Produkten (Vorlagen, Vertr\u00e4ge) verbleibt beim Verfasser bzw. dem Anbieter des Download-Portals. Jegliche Vervielf\u00e4ltigung, Verbreitung oder Ver\u00f6ffentlichung der Produkte ohne ausdr\u00fcckliche Zustimmung ist untersagt.<\/p><p>\u00a0<\/p><p><strong>Haftung und Gew\u00e4hrleistung<\/strong><br \/>Wir \u00fcbernehmen keine Gew\u00e4hrleistung f\u00fcr die rechtliche Korrektheit oder anderweitige Zusicherungen der Produkte (Vorlagen, Vertr\u00e4ge). Die Verwendung der Produkte erfolgt auf eigenes Risiko. Schadenersatzanspr\u00fcche jeglicher Art sind ausgeschlossen.<\/p><p>\u00a0<\/p><p><strong>\u00c4nderungen der AGB<\/strong><br \/>Wir behalten uns das Recht vor, diese Allgemeinen Gesch\u00e4ftsbedingungen jederzeit zu \u00e4ndern oder zu aktualisieren. Kunden werden \u00fcber \u00c4nderungen der AGB rechtzeitig informiert.<\/p><p>\u00a0<\/p><p><strong>Gerichtsstand und anwendbares Recht<\/strong><br \/>F\u00fcr Streitigkeiten aus oder im Zusammenhang mit diesen AGB gilt das spanische Recht. Gerichtsstand ist der Sitz des Anbieters.<\/p><p>\u00a0<\/p><p>Mit der Nutzung des Download-Portals &#8222;formsell&#8220; erkl\u00e4ren Sie sich mit diesen Allgemeinen Gesch\u00e4ftsbedingungen einverstanden.<\/p>\t\t\t\t\t\t<\/div>\n\t\t\t\t<\/div>\n\t\t\t\t\t<\/div>\n\t\t<\/div>\n\t\t\t\t\t\t\t<\/div>\n\t\t<\/section>\n\t\t\t\t\t\t\t<\/div>\n\t\t","protected":false},"excerpt":{"rendered":"<p>Allgemeine Gesch\u00e4ftsbedingungen (AGB) Allgemeine Gesch\u00e4ftsbedingungen (AGB) f\u00fcr die Nutzung des Download-Portals &#8222;formsell&#8220; \u00a0 GeltungsbereichDie nachfolgenden Allgemeinen Gesch\u00e4ftsbedingungen regeln die Nutzung des Download-Portals &#8222;formsell&#8220; und gelten f\u00fcr s\u00e4mtliche Kunden, die auf dieses Portal zugreifen und dessen Dienstleistungen nutzen. Durch die Nutzung des Portals erkl\u00e4ren Sie sich mit diesen AGB einverstanden. \u00a0 Geld-zur\u00fcck-GarantieEs wird ausdr\u00fccklich darauf hingewiesen, [&hellip;]<\/p>\n","protected":false},"author":1,"featured_media":0,"parent":0,"menu_order":0,"comment_status":"closed","ping_status":"closed","template":"page-templates\/page-template-without-banner.php","meta":{"inline_featured_image":false,"footnotes":""},"class_list":["post-9648","page","type-page","status-publish","hentry"],"yoast_head":"<!-- This site is optimized with the Yoast SEO plugin v21.5 - https:\/\/yoast.com\/wordpress\/plugins\/seo\/ -->\n<title>Allgemeine Gesch\u00e4ftsbedingungen (AGB) - formsell<\/title>\n<meta name=\"robots\" content=\"index, follow, max-snippet:-1, max-image-preview:large, max-video-preview:-1\" \/>\n<link rel=\"canonical\" href=\"https:\/\/www.formsell.es\/de\/allgemeine-geschaeftsbedingungen-agbs\" \/>\n<meta property=\"og:locale\" content=\"de_DE\" \/>\n<meta property=\"og:type\" content=\"article\" \/>\n<meta property=\"og:title\" content=\"Allgemeine Gesch\u00e4ftsbedingungen (AGB) - formsell\" \/>\n<meta property=\"og:description\" content=\"Allgemeine Gesch\u00e4ftsbedingungen (AGB) Allgemeine Gesch\u00e4ftsbedingungen (AGB) f\u00fcr die Nutzung des Download-Portals &#8222;formsell&#8220; \u00a0 GeltungsbereichDie nachfolgenden Allgemeinen Gesch\u00e4ftsbedingungen regeln die Nutzung des Download-Portals &#8222;formsell&#8220; und gelten f\u00fcr s\u00e4mtliche Kunden, die auf dieses Portal zugreifen und dessen Dienstleistungen nutzen. Durch die Nutzung des Portals erkl\u00e4ren Sie sich mit diesen AGB einverstanden. \u00a0 Geld-zur\u00fcck-GarantieEs wird ausdr\u00fccklich darauf hingewiesen, [&hellip;]\" \/>\n<meta property=\"og:url\" content=\"https:\/\/www.formsell.es\/de\/allgemeine-geschaeftsbedingungen-agbs\" \/>\n<meta property=\"og:site_name\" content=\"formsell\" \/>\n<meta property=\"article:modified_time\" content=\"2023-08-16T11:30:19+00:00\" \/>\n<meta name=\"twitter:card\" content=\"summary_large_image\" \/>\n<meta name=\"twitter:label1\" content=\"Gesch\u00e4tzte Lesezeit\" \/>\n\t<meta name=\"twitter:data1\" content=\"2\u00a0Minuten\" \/>\n<script type=\"application\/ld+json\" class=\"yoast-schema-graph\">{\"@context\":\"https:\/\/schema.org\",\"@graph\":[{\"@type\":\"WebPage\",\"@id\":\"https:\/\/www.formsell.es\/de\/allgemeine-geschaeftsbedingungen-agbs\",\"url\":\"https:\/\/www.formsell.es\/de\/allgemeine-geschaeftsbedingungen-agbs\",\"name\":\"Allgemeine Gesch\u00e4ftsbedingungen (AGB) - formsell\",\"isPartOf\":{\"@id\":\"https:\/\/www.formsell.es\/de#website\"},\"datePublished\":\"2023-08-16T11:10:49+00:00\",\"dateModified\":\"2023-08-16T11:30:19+00:00\",\"breadcrumb\":{\"@id\":\"https:\/\/www.formsell.es\/de\/allgemeine-geschaeftsbedingungen-agbs#breadcrumb\"},\"inLanguage\":\"de\",\"potentialAction\":[{\"@type\":\"ReadAction\",\"target\":[\"https:\/\/www.formsell.es\/de\/allgemeine-geschaeftsbedingungen-agbs\"]}]},{\"@type\":\"BreadcrumbList\",\"@id\":\"https:\/\/www.formsell.es\/de\/allgemeine-geschaeftsbedingungen-agbs#breadcrumb\",\"itemListElement\":[{\"@type\":\"ListItem\",\"position\":1,\"name\":\"Portada\",\"item\":\"https:\/\/www.formsell.es\/de\"},{\"@type\":\"ListItem\",\"position\":2,\"name\":\"Allgemeine Gesch\u00e4ftsbedingungen (AGB)\"}]},{\"@type\":\"WebSite\",\"@id\":\"https:\/\/www.formsell.es\/de#website\",\"url\":\"https:\/\/www.formsell.es\/de\",\"name\":\"formsell\",\"description\":\"\",\"potentialAction\":[{\"@type\":\"SearchAction\",\"target\":{\"@type\":\"EntryPoint\",\"urlTemplate\":\"https:\/\/www.formsell.es\/de?s={search_term_string}\"},\"query-input\":\"required name=search_term_string\"}],\"inLanguage\":\"de\"}]}<\/script>\n<!-- \/ Yoast SEO plugin. -->","yoast_head_json":{"title":"Allgemeine Gesch\u00e4ftsbedingungen (AGB) - formsell","robots":{"index":"index","follow":"follow","max-snippet":"max-snippet:-1","max-image-preview":"max-image-preview:large","max-video-preview":"max-video-preview:-1"},"canonical":"https:\/\/www.formsell.es\/de\/allgemeine-geschaeftsbedingungen-agbs","og_locale":"de_DE","og_type":"article","og_title":"Allgemeine Gesch\u00e4ftsbedingungen (AGB) - formsell","og_description":"Allgemeine Gesch\u00e4ftsbedingungen (AGB) Allgemeine Gesch\u00e4ftsbedingungen (AGB) f\u00fcr die Nutzung des Download-Portals &#8222;formsell&#8220; \u00a0 GeltungsbereichDie nachfolgenden Allgemeinen Gesch\u00e4ftsbedingungen regeln die Nutzung des Download-Portals &#8222;formsell&#8220; und gelten f\u00fcr s\u00e4mtliche Kunden, die auf dieses Portal zugreifen und dessen Dienstleistungen nutzen. Durch die Nutzung des Portals erkl\u00e4ren Sie sich mit diesen AGB einverstanden. \u00a0 Geld-zur\u00fcck-GarantieEs wird ausdr\u00fccklich darauf hingewiesen, [&hellip;]","og_url":"https:\/\/www.formsell.es\/de\/allgemeine-geschaeftsbedingungen-agbs","og_site_name":"formsell","article_modified_time":"2023-08-16T11:30:19+00:00","twitter_card":"summary_large_image","twitter_misc":{"Gesch\u00e4tzte Lesezeit":"2\u00a0Minuten"},"schema":{"@context":"https:\/\/schema.org","@graph":[{"@type":"WebPage","@id":"https:\/\/www.formsell.es\/de\/allgemeine-geschaeftsbedingungen-agbs","url":"https:\/\/www.formsell.es\/de\/allgemeine-geschaeftsbedingungen-agbs","name":"Allgemeine Gesch\u00e4ftsbedingungen (AGB) - formsell","isPartOf":{"@id":"https:\/\/www.formsell.es\/de#website"},"datePublished":"2023-08-16T11:10:49+00:00","dateModified":"2023-08-16T11:30:19+00:00","breadcrumb":{"@id":"https:\/\/www.formsell.es\/de\/allgemeine-geschaeftsbedingungen-agbs#breadcrumb"},"inLanguage":"de","potentialAction":[{"@type":"ReadAction","target":["https:\/\/www.formsell.es\/de\/allgemeine-geschaeftsbedingungen-agbs"]}]},{"@type":"BreadcrumbList","@id":"https:\/\/www.formsell.es\/de\/allgemeine-geschaeftsbedingungen-agbs#breadcrumb","itemListElement":[{"@type":"ListItem","position":1,"name":"Portada","item":"https:\/\/www.formsell.es\/de"},{"@type":"ListItem","position":2,"name":"Allgemeine Gesch\u00e4ftsbedingungen (AGB)"}]},{"@type":"WebSite","@id":"https:\/\/www.formsell.es\/de#website","url":"https:\/\/www.formsell.es\/de","name":"formsell","description":"","potentialAction":[{"@type":"SearchAction","target":{"@type":"EntryPoint","urlTemplate":"https:\/\/www.formsell.es\/de?s={search_term_string}"},"query-input":"required name=search_term_string"}],"inLanguage":"de"}]}},"_links":{"self":[{"href":"https:\/\/www.formsell.es\/de\/wp-json\/wp\/v2\/pages\/9648","targetHints":{"allow":["GET"]}}],"collection":[{"href":"https:\/\/www.formsell.es\/de\/wp-json\/wp\/v2\/pages"}],"about":[{"href":"https:\/\/www.formsell.es\/de\/wp-json\/wp\/v2\/types\/page"}],"author":[{"embeddable":true,"href":"https:\/\/www.formsell.es\/de\/wp-json\/wp\/v2\/users\/1"}],"replies":[{"embeddable":true,"href":"https:\/\/www.formsell.es\/de\/wp-json\/wp\/v2\/comments?post=9648"}],"version-history":[{"count":0,"href":"https:\/\/www.formsell.es\/de\/wp-json\/wp\/v2\/pages\/9648\/revisions"}],"wp:attachment":[{"href":"https:\/\/www.formsell.es\/de\/wp-json\/wp\/v2\/media?parent=9648"}],"curies":[{"name":"wp","href":"https:\/\/api.w.org\/{rel}","templated":true}]}}