{"id":9681,"date":"2023-08-16T11:37:56","date_gmt":"2023-08-16T11:37:56","guid":{"rendered":"https:\/\/www.formsell.es\/blog-y-noticias"},"modified":"2023-08-25T07:27:43","modified_gmt":"2023-08-25T07:27:43","slug":"blog-und-nachrichten","status":"publish","type":"page","link":"https:\/\/www.formsell.es\/de\/blog-und-nachrichten","title":{"rendered":"Blog und Nachrichten"},"content":{"rendered":"\t\t<div data-elementor-type=\"wp-page\" data-elementor-id=\"9681\" class=\"elementor elementor-9681 elementor-9668\">\n\t\t\t\t\t\t\t\t\t<section class=\"elementor-section elementor-top-section elementor-element elementor-element-80dcbd4 elementor-section-boxed elementor-section-height-default elementor-section-height-default\" data-id=\"80dcbd4\" data-element_type=\"section\">\n\t\t\t\t\t\t<div class=\"elementor-container elementor-column-gap-default\">\n\t\t\t\t\t<div class=\"elementor-column elementor-col-100 elementor-top-column elementor-element elementor-element-317e1f2\" data-id=\"317e1f2\" data-element_type=\"column\">\n\t\t\t<div class=\"elementor-widget-wrap elementor-element-populated\">\n\t\t\t\t\t\t\t\t<div class=\"elementor-element elementor-element-7ff7292 elementor-widget elementor-widget-eidmart_blog\" data-id=\"7ff7292\" data-element_type=\"widget\" data-widget_type=\"eidmart_blog.default\">\n\t\t\t\t<div class=\"elementor-widget-container\">\n\t\t\t\r\n\t<div class=\"blog-1x\">\r\n\t\t<div class=\"container-fluid\">\r\n\t\t\t<div class=\"row\">\r\n\r\n\t\t\t\t\t\t        <div class=\"col-md-12\">\r\n\t\t            <div class=\"title-middle\">\r\n\t\t                <h2>Blog und Nachrichten<\/h2>\t\t                <p>In unserem Blog halten wir Sie stets auf dem Laufenden \u00fcber die aktuellsten Trends, bew\u00e4hrte Praktiken und rechtliche Aspekte, die f\u00fcr Ihr gesch\u00e4ftliches Handeln von Bedeutung sind. Wir m\u00f6chten Ihnen hiermit wertvolle Einblicke und Ressourcen bieten, die f\u00fcr Sie von Bedeutung sein k\u00f6nnten.<\/p>\t\t            <\/div>\r\n\t\t        <\/div>\r\n\t\t        \r\n\t\t\t\t\r\n\t\t\t\t\t\t<div class=\"col-lg-4\">\r\n\t\t\t\t\t\t\t<div class=\"single-blog hover01\">\r\n\t\t\t\t\t\t\t\t<figure>\r\n\t\t\t\t\t\t\t\t\t<a href=\"https:\/\/www.formsell.es\/de\/wir-funktioniert-die-carta-certificada-bei-correos-in-spanien\">\r\n\t\t\t                        \t<img fetchpriority=\"high\" decoding=\"async\" width=\"784\" height=\"663\" src=\"https:\/\/www.formsell.es\/wp-content\/uploads\/2023\/08\/correos-1.jpg\" class=\"attachment-post-thumbnail size-post-thumbnail wp-post-image\" alt=\"\" srcset=\"https:\/\/www.formsell.es\/wp-content\/uploads\/2023\/08\/correos-1.jpg 784w, https:\/\/www.formsell.es\/wp-content\/uploads\/2023\/08\/correos-1-300x254.jpg 300w, https:\/\/www.formsell.es\/wp-content\/uploads\/2023\/08\/correos-1-768x649.jpg 768w\" sizes=\"(max-width: 784px) 100vw, 784px\" \/>\t\t\t                        <\/a>\r\n\t\t\t\t\t\t\t\t<\/figure>\r\n\t\t\t\t\t\t\t\t<div class=\"blog-content\">\r\n\r\n\t\t\t\t\t\t\t\t\t<span><i class=\"fa fa-bookmark-o\"><\/i>\r\n\t\t\t\t\t\t\t\t\t\tInfothek\t\t\t\t\t\t\t\t\t<\/span>\r\n\r\n\t\t\t\t\t\t\t\t\t<a href=\"https:\/\/www.formsell.es\/de\/wir-funktioniert-die-carta-certificada-bei-correos-in-spanien\" title=\"Wir funktioniert die (carta certificada) bei correos in Spanien?\">Wir funktioniert die (carta certificada) bei correos in Spanien?<\/a>\r\n\r\n\t\t\t\t\t\t            <div class=\"pub-meta\">\r\n\t\t\t\t\t\t                <span class=\"pub-author\">\r\n\t\t\t\t\t\t                  <i class=\"fa fa-user-o\"><\/i>Team formsell\t\t\t\t\t\t                <\/span>\r\n\t\t\t\t\t\t                <span class=\"pub-date\">\r\n\t\t\t\t\t\t                  <i class=\"fa fa-clock-o\"><\/i>28 Aug., 2023\t\t\t\t\t\t                <\/span>\r\n\t\t\t\t\t\t            <\/div>\r\n\r\n\t\t\t\t\t\t\t\t<\/div>\r\n\t\t\t\t\t\t\t<\/div>\r\n\t\t\t\t\t\t<\/div>\r\n\r\n\t\t\t\t\t\t\r\n\t\t\t\t\t\t<div class=\"col-lg-4\">\r\n\t\t\t\t\t\t\t<div class=\"single-blog hover01\">\r\n\t\t\t\t\t\t\t\t<figure>\r\n\t\t\t\t\t\t\t\t\t<a href=\"https:\/\/www.formsell.es\/de\/was-muss-ich-beachten-wenn-ich-in-spanien-einen-vertrag-kuendigen-moechte\">\r\n\t\t\t                        \t<img decoding=\"async\" width=\"900\" height=\"600\" src=\"https:\/\/www.formsell.es\/wp-content\/uploads\/2023\/08\/cancelar-contrato.jpg\" class=\"attachment-post-thumbnail size-post-thumbnail wp-post-image\" alt=\"\" srcset=\"https:\/\/www.formsell.es\/wp-content\/uploads\/2023\/08\/cancelar-contrato.jpg 900w, https:\/\/www.formsell.es\/wp-content\/uploads\/2023\/08\/cancelar-contrato-300x200.jpg 300w, https:\/\/www.formsell.es\/wp-content\/uploads\/2023\/08\/cancelar-contrato-768x512.jpg 768w\" sizes=\"(max-width: 900px) 100vw, 900px\" \/>\t\t\t                        <\/a>\r\n\t\t\t\t\t\t\t\t<\/figure>\r\n\t\t\t\t\t\t\t\t<div class=\"blog-content\">\r\n\r\n\t\t\t\t\t\t\t\t\t<span><i class=\"fa fa-bookmark-o\"><\/i>\r\n\t\t\t\t\t\t\t\t\t\tInfothek\t\t\t\t\t\t\t\t\t<\/span>\r\n\r\n\t\t\t\t\t\t\t\t\t<a href=\"https:\/\/www.formsell.es\/de\/was-muss-ich-beachten-wenn-ich-in-spanien-einen-vertrag-kuendigen-moechte\" title=\"Was muss ich beachten, wenn ich in Spanien einen Vertrag k\u00fcndigen m\u00f6chte?\">Was muss ich beachten, wenn ich in Spanien einen Vertrag k\u00fcndigen m\u00f6chte?<\/a>\r\n\r\n\t\t\t\t\t\t            <div class=\"pub-meta\">\r\n\t\t\t\t\t\t                <span class=\"pub-author\">\r\n\t\t\t\t\t\t                  <i class=\"fa fa-user-o\"><\/i>Team formsell\t\t\t\t\t\t                <\/span>\r\n\t\t\t\t\t\t                <span class=\"pub-date\">\r\n\t\t\t\t\t\t                  <i class=\"fa fa-clock-o\"><\/i>25 Aug., 2023\t\t\t\t\t\t                <\/span>\r\n\t\t\t\t\t\t            <\/div>\r\n\r\n\t\t\t\t\t\t\t\t<\/div>\r\n\t\t\t\t\t\t\t<\/div>\r\n\t\t\t\t\t\t<\/div>\r\n\r\n\t\t\t\t\t\t\r\n\t\t\t\t\t\t<div class=\"col-lg-4\">\r\n\t\t\t\t\t\t\t<div class=\"single-blog hover01\">\r\n\t\t\t\t\t\t\t\t<figure>\r\n\t\t\t\t\t\t\t\t\t<a href=\"https:\/\/www.formsell.es\/de\/bewerbungsschreiben-in-spanien-tipps-und-empfehlungen\">\r\n\t\t\t                        \t<img decoding=\"async\" width=\"900\" height=\"506\" src=\"https:\/\/www.formsell.es\/wp-content\/uploads\/2021\/01\/bigstock-Job-Seeker-In-Job-Interview-Me-477986883.jpg\" class=\"attachment-post-thumbnail size-post-thumbnail wp-post-image\" alt=\"\" srcset=\"https:\/\/www.formsell.es\/wp-content\/uploads\/2021\/01\/bigstock-Job-Seeker-In-Job-Interview-Me-477986883.jpg 900w, https:\/\/www.formsell.es\/wp-content\/uploads\/2021\/01\/bigstock-Job-Seeker-In-Job-Interview-Me-477986883-300x169.jpg 300w, https:\/\/www.formsell.es\/wp-content\/uploads\/2021\/01\/bigstock-Job-Seeker-In-Job-Interview-Me-477986883-768x432.jpg 768w\" sizes=\"(max-width: 900px) 100vw, 900px\" \/>\t\t\t                        <\/a>\r\n\t\t\t\t\t\t\t\t<\/figure>\r\n\t\t\t\t\t\t\t\t<div class=\"blog-content\">\r\n\r\n\t\t\t\t\t\t\t\t\t<span><i class=\"fa fa-bookmark-o\"><\/i>\r\n\t\t\t\t\t\t\t\t\t\tInfothek\t\t\t\t\t\t\t\t\t<\/span>\r\n\r\n\t\t\t\t\t\t\t\t\t<a href=\"https:\/\/www.formsell.es\/de\/bewerbungsschreiben-in-spanien-tipps-und-empfehlungen\" title=\"Bewerbungsschreiben in Spanien: Tipps und Empfehlungen\">Bewerbungsschreiben in Spanien: Tipps und Empfehlungen<\/a>\r\n\r\n\t\t\t\t\t\t            <div class=\"pub-meta\">\r\n\t\t\t\t\t\t                <span class=\"pub-author\">\r\n\t\t\t\t\t\t                  <i class=\"fa fa-user-o\"><\/i>Team formsell\t\t\t\t\t\t                <\/span>\r\n\t\t\t\t\t\t                <span class=\"pub-date\">\r\n\t\t\t\t\t\t                  <i class=\"fa fa-clock-o\"><\/i>24 Jan., 2021\t\t\t\t\t\t                <\/span>\r\n\t\t\t\t\t\t            <\/div>\r\n\r\n\t\t\t\t\t\t\t\t<\/div>\r\n\t\t\t\t\t\t\t<\/div>\r\n\t\t\t\t\t\t<\/div>\r\n\r\n\t\t\t\t\t\t\t\t        <div class=\"col-md-12\">\r\n\t\t            <br><br>\r\n\t\t            <div class=\"all-product-button\">\r\n\t\t                <a href=\"#\" class=\"btn-plain-text\"> Mehr anzeigen <\/a>\r\n\t\t            <\/div>\r\n\t\t        <\/div>\r\n\t\t        \r\n\t\t\t<\/div>\r\n\t\t<\/div>\r\n\t<\/div>\r\n\r\n\t\t\t<\/div>\n\t\t\t\t<\/div>\n\t\t\t\t\t<\/div>\n\t\t<\/div>\n\t\t\t\t\t\t\t<\/div>\n\t\t<\/section>\n\t\t\t\t\t\t\t<\/div>\n\t\t","protected":false},"excerpt":{"rendered":"<p>Blog und Nachrichten In unserem Blog halten wir Sie stets auf dem Laufenden \u00fcber die aktuellsten Trends, bew\u00e4hrte Praktiken und rechtliche Aspekte, die f\u00fcr Ihr gesch\u00e4ftliches Handeln von Bedeutung sind. Wir m\u00f6chten Ihnen hiermit wertvolle Einblicke und Ressourcen bieten, die f\u00fcr Sie von Bedeutung sein k\u00f6nnten. Infothek Was muss ich beachten, wenn ich in Spanien [&hellip;]<\/p>\n","protected":false},"author":1,"featured_media":0,"parent":0,"menu_order":0,"comment_status":"closed","ping_status":"closed","template":"page-templates\/page-template-without-banner.php","meta":{"inline_featured_image":false,"footnotes":""},"class_list":["post-9681","page","type-page","status-publish","hentry"],"yoast_head":"<!-- This site is optimized with the Yoast SEO plugin v21.5 - https:\/\/yoast.com\/wordpress\/plugins\/seo\/ -->\n<title>Blog und Nachrichten - formsell<\/title>\n<meta name=\"robots\" content=\"index, follow, max-snippet:-1, max-image-preview:large, max-video-preview:-1\" \/>\n<link rel=\"canonical\" href=\"https:\/\/www.formsell.es\/de\/blog-und-nachrichten\" \/>\n<meta property=\"og:locale\" content=\"de_DE\" \/>\n<meta property=\"og:type\" content=\"article\" \/>\n<meta property=\"og:title\" content=\"Blog und Nachrichten - formsell\" \/>\n<meta property=\"og:description\" content=\"Blog und Nachrichten In unserem Blog halten wir Sie stets auf dem Laufenden \u00fcber die aktuellsten Trends, bew\u00e4hrte Praktiken und rechtliche Aspekte, die f\u00fcr Ihr gesch\u00e4ftliches Handeln von Bedeutung sind. Wir m\u00f6chten Ihnen hiermit wertvolle Einblicke und Ressourcen bieten, die f\u00fcr Sie von Bedeutung sein k\u00f6nnten. Infothek Was muss ich beachten, wenn ich in Spanien [&hellip;]\" \/>\n<meta property=\"og:url\" content=\"https:\/\/www.formsell.es\/de\/blog-und-nachrichten\" \/>\n<meta property=\"og:site_name\" content=\"formsell\" \/>\n<meta property=\"article:modified_time\" content=\"2023-08-25T07:27:43+00:00\" \/>\n<meta property=\"og:image\" content=\"https:\/\/www.formsell.es\/wp-content\/uploads\/2023\/08\/cancelar-contrato.jpg\" \/>\n<meta name=\"twitter:card\" content=\"summary_large_image\" \/>\n<meta name=\"twitter:label1\" content=\"Gesch\u00e4tzte Lesezeit\" \/>\n\t<meta name=\"twitter:data1\" content=\"1\u00a0Minute\" \/>\n<script type=\"application\/ld+json\" class=\"yoast-schema-graph\">{\"@context\":\"https:\/\/schema.org\",\"@graph\":[{\"@type\":\"WebPage\",\"@id\":\"https:\/\/www.formsell.es\/de\/blog-und-nachrichten\",\"url\":\"https:\/\/www.formsell.es\/de\/blog-und-nachrichten\",\"name\":\"Blog und Nachrichten - formsell\",\"isPartOf\":{\"@id\":\"https:\/\/www.formsell.es\/de#website\"},\"datePublished\":\"2023-08-16T11:37:56+00:00\",\"dateModified\":\"2023-08-25T07:27:43+00:00\",\"breadcrumb\":{\"@id\":\"https:\/\/www.formsell.es\/de\/blog-und-nachrichten#breadcrumb\"},\"inLanguage\":\"de\",\"potentialAction\":[{\"@type\":\"ReadAction\",\"target\":[\"https:\/\/www.formsell.es\/de\/blog-und-nachrichten\"]}]},{\"@type\":\"BreadcrumbList\",\"@id\":\"https:\/\/www.formsell.es\/de\/blog-und-nachrichten#breadcrumb\",\"itemListElement\":[{\"@type\":\"ListItem\",\"position\":1,\"name\":\"Portada\",\"item\":\"https:\/\/www.formsell.es\/de\"},{\"@type\":\"ListItem\",\"position\":2,\"name\":\"Blog und Nachrichten\"}]},{\"@type\":\"WebSite\",\"@id\":\"https:\/\/www.formsell.es\/de#website\",\"url\":\"https:\/\/www.formsell.es\/de\",\"name\":\"formsell\",\"description\":\"\",\"potentialAction\":[{\"@type\":\"SearchAction\",\"target\":{\"@type\":\"EntryPoint\",\"urlTemplate\":\"https:\/\/www.formsell.es\/de?s={search_term_string}\"},\"query-input\":\"required name=search_term_string\"}],\"inLanguage\":\"de\"}]}<\/script>\n<!-- \/ Yoast SEO plugin. -->","yoast_head_json":{"title":"Blog und Nachrichten - formsell","robots":{"index":"index","follow":"follow","max-snippet":"max-snippet:-1","max-image-preview":"max-image-preview:large","max-video-preview":"max-video-preview:-1"},"canonical":"https:\/\/www.formsell.es\/de\/blog-und-nachrichten","og_locale":"de_DE","og_type":"article","og_title":"Blog und Nachrichten - formsell","og_description":"Blog und Nachrichten In unserem Blog halten wir Sie stets auf dem Laufenden \u00fcber die aktuellsten Trends, bew\u00e4hrte Praktiken und rechtliche Aspekte, die f\u00fcr Ihr gesch\u00e4ftliches Handeln von Bedeutung sind. Wir m\u00f6chten Ihnen hiermit wertvolle Einblicke und Ressourcen bieten, die f\u00fcr Sie von Bedeutung sein k\u00f6nnten. Infothek Was muss ich beachten, wenn ich in Spanien [&hellip;]","og_url":"https:\/\/www.formsell.es\/de\/blog-und-nachrichten","og_site_name":"formsell","article_modified_time":"2023-08-25T07:27:43+00:00","og_image":[{"url":"https:\/\/www.formsell.es\/wp-content\/uploads\/2023\/08\/cancelar-contrato.jpg"}],"twitter_card":"summary_large_image","twitter_misc":{"Gesch\u00e4tzte Lesezeit":"1\u00a0Minute"},"schema":{"@context":"https:\/\/schema.org","@graph":[{"@type":"WebPage","@id":"https:\/\/www.formsell.es\/de\/blog-und-nachrichten","url":"https:\/\/www.formsell.es\/de\/blog-und-nachrichten","name":"Blog und Nachrichten - formsell","isPartOf":{"@id":"https:\/\/www.formsell.es\/de#website"},"datePublished":"2023-08-16T11:37:56+00:00","dateModified":"2023-08-25T07:27:43+00:00","breadcrumb":{"@id":"https:\/\/www.formsell.es\/de\/blog-und-nachrichten#breadcrumb"},"inLanguage":"de","potentialAction":[{"@type":"ReadAction","target":["https:\/\/www.formsell.es\/de\/blog-und-nachrichten"]}]},{"@type":"BreadcrumbList","@id":"https:\/\/www.formsell.es\/de\/blog-und-nachrichten#breadcrumb","itemListElement":[{"@type":"ListItem","position":1,"name":"Portada","item":"https:\/\/www.formsell.es\/de"},{"@type":"ListItem","position":2,"name":"Blog und Nachrichten"}]},{"@type":"WebSite","@id":"https:\/\/www.formsell.es\/de#website","url":"https:\/\/www.formsell.es\/de","name":"formsell","description":"","potentialAction":[{"@type":"SearchAction","target":{"@type":"EntryPoint","urlTemplate":"https:\/\/www.formsell.es\/de?s={search_term_string}"},"query-input":"required name=search_term_string"}],"inLanguage":"de"}]}},"_links":{"self":[{"href":"https:\/\/www.formsell.es\/de\/wp-json\/wp\/v2\/pages\/9681","targetHints":{"allow":["GET"]}}],"collection":[{"href":"https:\/\/www.formsell.es\/de\/wp-json\/wp\/v2\/pages"}],"about":[{"href":"https:\/\/www.formsell.es\/de\/wp-json\/wp\/v2\/types\/page"}],"author":[{"embeddable":true,"href":"https:\/\/www.formsell.es\/de\/wp-json\/wp\/v2\/users\/1"}],"replies":[{"embeddable":true,"href":"https:\/\/www.formsell.es\/de\/wp-json\/wp\/v2\/comments?post=9681"}],"version-history":[{"count":0,"href":"https:\/\/www.formsell.es\/de\/wp-json\/wp\/v2\/pages\/9681\/revisions"}],"wp:attachment":[{"href":"https:\/\/www.formsell.es\/de\/wp-json\/wp\/v2\/media?parent=9681"}],"curies":[{"name":"wp","href":"https:\/\/api.w.org\/{rel}","templated":true}]}}