{"id":8183,"date":"2023-08-09T15:49:45","date_gmt":"2023-08-09T15:49:45","guid":{"rendered":"https:\/\/www.formsell.es\/categorias-productos"},"modified":"2023-08-16T07:05:50","modified_gmt":"2023-08-16T07:05:50","slug":"produits-et-categories","status":"publish","type":"page","link":"https:\/\/www.formsell.es\/fr\/produits-et-categories","title":{"rendered":"Produits et cat\u00e9gories"},"content":{"rendered":"\t\t<div data-elementor-type=\"wp-page\" data-elementor-id=\"8183\" class=\"elementor elementor-8183 elementor-8155\">\n\t\t\t\t\t\t\t\t\t<section class=\"elementor-section elementor-top-section elementor-element elementor-element-1edf9e90 elementor-section-stretched elementor-section-boxed elementor-section-height-default elementor-section-height-default\" data-id=\"1edf9e90\" data-element_type=\"section\" data-settings=\"{&quot;stretch_section&quot;:&quot;section-stretched&quot;}\">\n\t\t\t\t\t\t<div class=\"elementor-container elementor-column-gap-default\">\n\t\t\t\t\t<div class=\"elementor-column elementor-col-100 elementor-top-column elementor-element elementor-element-1664a0ea\" data-id=\"1664a0ea\" data-element_type=\"column\">\n\t\t\t<div class=\"elementor-widget-wrap elementor-element-populated\">\n\t\t\t\t\t\t\t\t<div class=\"elementor-element elementor-element-528ef044 elementor-widget elementor-widget-eidmart_subscribe\" data-id=\"528ef044\" data-element_type=\"widget\" data-widget_type=\"eidmart_subscribe.default\">\n\t\t\t\t<div class=\"elementor-widget-container\">\n\t\t\t\r\n    <section class=\"subscribe-section-1x\">\r\n        <div class=\"container\">\r\n            <div class=\"row align-items-center\">\r\n\r\n            \t                    <div class=\"col-md-5 text-left\">\r\n                        <img decoding=\"async\" src=\"https:\/\/www.formsell.es\/wp-content\/uploads\/2023\/08\/grafik-1.svg\" alt=\"&lt;p&gt;Mod\u00e8les et contrats types avec assistance au remplissage \u00e0 t\u00e9l\u00e9charger&lt;\/p&gt;\">\r\n                    <\/div>\r\n                    <div class=\"col-md-7 subscriber-content\">\r\n                        <div class=\"footer-subscriber\">\r\n                            <h2>Mod\u00e8les et contrats types avec assistance au remplissage \u00e0 t\u00e9l\u00e9charger<\/h2>                            <p>Notre plateforme vous propose une vari\u00e9t\u00e9 de contrats et de mod\u00e8les que vous pouvez t\u00e9l\u00e9charger facilement.<\/p>                                                    <\/div>\r\n                    <\/div>\r\n                \r\n            <\/div>\r\n\r\n\t\t\t<div class=\"shapes\">\r\n\t\t\t\t<img decoding=\"async\" class=\"subscriber-shape\" alt=\"Background Shape\" src=\"https:\/\/www.formsell.es\/wp-content\/themes\/eidmart\/images\/bg-pieces\/flower.png\">\r\n\t\t\t<\/div>\r\n\r\n        <\/div>\r\n    <\/section>\r\n\r\n\t\t\t<\/div>\n\t\t\t\t<\/div>\n\t\t\t\t\t<\/div>\n\t\t<\/div>\n\t\t\t\t\t\t\t<\/div>\n\t\t<\/section>\n\t\t\t\t<section class=\"elementor-section elementor-top-section elementor-element elementor-element-5becdbd5 elementor-section-boxed elementor-section-height-default elementor-section-height-default\" data-id=\"5becdbd5\" data-element_type=\"section\">\n\t\t\t\t\t\t<div class=\"elementor-container elementor-column-gap-default\">\n\t\t\t\t\t<div class=\"elementor-column elementor-col-100 elementor-top-column elementor-element elementor-element-59c22849\" data-id=\"59c22849\" data-element_type=\"column\">\n\t\t\t<div class=\"elementor-widget-wrap elementor-element-populated\">\n\t\t\t\t\t\t\t\t<div class=\"elementor-element elementor-element-26e28dad elementor-widget elementor-widget-eidmart_feature_one\" data-id=\"26e28dad\" data-element_type=\"widget\" data-widget_type=\"eidmart_feature_one.default\">\n\t\t\t\t<div class=\"elementor-widget-container\">\n\t\t\t\r\n    <section class=\"service-3x\">\r\n        <div class=\"container\">\r\n            <div class=\"row\">\r\n\r\n            \t\t\t\t\t<div class=\"col-md-12\">\r\n\t\t\t\t\t<div class=\"title-middle\">\r\n\t\t\t\t\t    <h2>Mod\u00e8les qui simplifient la vie<\/h2>\t\t\t\t\t    <p>Parcourez notre vaste biblioth\u00e8que de contrats et de mod\u00e8les. Que ce soit des accords de location, des contrats de travail, des mod\u00e8les commerciaux ou d'autres documents, nous disposons d'un large choix pour divers besoins.<\/p>\t\t\t\t\t<\/div>\r\n\t\t\t\t<\/div>\r\n\t\t\t\t\r\n\t\t\t\t\t<div class=\"col-md-4\">\r\n\t                    <div class=\"single-service\" style=\"background: #FAF4EE;\">\r\n\t                        <img decoding=\"async\" src=\"https:\/\/www.formsell.es\/wp-content\/uploads\/2023\/08\/briefcase-1.svg\" alt=\"Beruf und Job\">\t                        <a href=\"#\">Beruf und Job<\/a>\t                        <p>We are committed to providing the best possible service and advice to all our customers.<\/p>\t                        <a href=\"#\" class=\"normal-btn\">Discover More <i class=\"fa fa-long-arrow-right\"><\/i><\/a>\t                    <\/div>\r\n\t                <\/div>\r\n\r\n\t\t\t\t\t\r\n\t\t\t\t\t<div class=\"col-md-4\">\r\n\t                    <div class=\"single-service\" style=\"background: #FAF4EE;\">\r\n\t                        <img decoding=\"async\" src=\"https:\/\/www.formsell.es\/wp-content\/uploads\/2023\/08\/law-1.svg\" alt=\"Recht und Gesetz\">\t                        <a href=\"#\">Recht und Gesetz<\/a>\t                        <p>We are committed to providing the best possible service and advice to all our customers.<\/p>\t                        <a href=\"#\" class=\"normal-btn\">Discover More <i class=\"fa fa-long-arrow-right\"><\/i><\/a>\t                    <\/div>\r\n\t                <\/div>\r\n\r\n\t\t\t\t\t\r\n\t\t\t\t\t<div class=\"col-md-4\">\r\n\t                    <div class=\"single-service\" style=\"background: #FAF4EE;\">\r\n\t                        <img decoding=\"async\" src=\"https:\/\/www.formsell.es\/wp-content\/uploads\/2023\/08\/legal-document-1.svg\" alt=\"Briefe und Vorlagen\">\t                        <a href=\"#\">Briefe und Vorlagen<\/a>\t                        <p>We are committed to providing the best possible service and advice to all our customers.<\/p>\t                        <a href=\"#\" class=\"normal-btn\">Discover More <i class=\"fa fa-long-arrow-right\"><\/i><\/a>\t                    <\/div>\r\n\t                <\/div>\r\n\r\n\t\t\t\t\t\r\n\t\t\t\t\t<div class=\"col-md-4\">\r\n\t                    <div class=\"single-service\" style=\"background: #FAF4EE;\">\r\n\t                        <img decoding=\"async\" src=\"https:\/\/www.formsell.es\/wp-content\/uploads\/2023\/08\/xls-file-1.svg\" alt=\"Excelvorlagen \">\t                        <a href=\"#\">Excelvorlagen <\/a>\t                        <p>We are committed to providing the best possible service and advice to all our customers.<\/p>\t                        <a href=\"#\" class=\"normal-btn\">Discover More <i class=\"fa fa-long-arrow-right\"><\/i><\/a>\t                    <\/div>\r\n\t                <\/div>\r\n\r\n\t\t\t\t\t\r\n\t\t\t\t\t<div class=\"col-md-4\">\r\n\t                    <div class=\"single-service\" style=\"background: #FAF4EE;\">\r\n\t                        <img decoding=\"async\" src=\"https:\/\/www.formsell.es\/wp-content\/uploads\/2023\/08\/contract-1.svg\" alt=\"Vertragsmuster\">\t                        <a href=\"#\">Vertragsmuster<\/a>\t                        <p>We are committed to providing the best possible service and advice to all our customers.<\/p>\t                        <a href=\"#\" class=\"normal-btn\">Discover More <i class=\"fa fa-long-arrow-right\"><\/i><\/a>\t                    <\/div>\r\n\t                <\/div>\r\n\r\n\t\t\t\t\t\r\n\t\t\t\t\t<div class=\"col-md-4\">\r\n\t                    <div class=\"single-service\" style=\"background: #FAF4EE;\">\r\n\t                        <img decoding=\"async\" src=\"https:\/\/www.formsell.es\/wp-content\/uploads\/2023\/08\/speaker-1.svg\" alt=\"Reden und Pr\u00e4sentationen\">\t                        <a href=\"#\">Reden und Pr\u00e4sentationen<\/a>\t                        <p>We are committed to providing the best possible service and advice to all our customers.<\/p>\t                        <a href=\"#\" class=\"normal-btn\">Discover More <i class=\"fa fa-long-arrow-right\"><\/i><\/a>\t                    <\/div>\r\n\t                <\/div>\r\n\r\n\t\t\t\t\t                <div class=\"col-md-12\">\r\n\t                <div class=\"section-link\">\r\n                        <p>\r\n                            <svg id=\"Layer_1\" viewBox=\"0 0 64 64\" xmlns=\"http:\/\/www.w3.org\/2000\/svg\" data-name=\"Layer 1\"><path d=\"m51.63 38-1.41 1.4 8.78 8.78h-8.07a42.76 42.76 0 0 1 -42.68-42.52h-2a44.77 44.77 0 0 0 44.68 44.52h8.07l-8.78 8.82 1.41 1.41 11.19-11.23z\"\/><\/svg>\r\n                            Nous mettons \u00e0 votre disposition divers mod\u00e8les pour r\u00e9pondre \u00e0 vos besoins individuels.<br> <a href=\"https:\/\/www.formsell.es\/fr\/downloads\">Trouvez encore plus de mod\u00e8les ici !<\/a>                        <\/p>\r\n\t                <\/div>\r\n\t            <\/div>\r\n\t        \t\r\n            <\/div>\r\n        <\/div>\r\n    <\/section>\r\n\r\n\t\t\t<\/div>\n\t\t\t\t<\/div>\n\t\t\t\t<div class=\"elementor-element elementor-element-32d1df04 elementor-hidden-desktop elementor-hidden-tablet elementor-hidden-mobile elementor-widget elementor-widget-eidmart_full_ctaone\" data-id=\"32d1df04\" data-element_type=\"widget\" data-widget_type=\"eidmart_full_ctaone.default\">\n\t\t\t\t<div class=\"elementor-widget-container\">\n\t\t\t\r\n    <section class=\"container-fluid\">\r\n        <div class=\"row align-items-center\">\r\n\r\n            \r\n                <div class=\"col-md-6\">\r\n                    <div class=\"business-cta-3x business-cta-bg\" style=\"\r\n                        background: linear-gradient( rgba( 37, 33, 130, 0.8 ), rgba( 62, 0, 121, 0.9 ) ), url(https:\/\/eidmart.wpninjadevs.com\/wp\/wp-content\/uploads\/2021\/01\/blog_2-9.jpg);\r\n                        background-size: cover;\r\n                        background-repeat: no-repeat;\r\n                        background-position: center;\r\n                    \">\r\n                        <div class=\"cta-content text-left\">\r\n                            <i class=\"las la-comment-dollar\"><\/i>                            <h3>Earn 75% of the Item Price<\/h3>                            <p>Sellers receive 75% of the Item Price for items sold exclusively and 50% for items sold non-exclusively. See detailed information about the fee structure on Market.<\/p>                            <a href=\"#\" class=\"btn-hover color-secondary\"> Become a Seller <\/a>                                                    <\/div>\r\n                    <\/div>\r\n                <\/div>\r\n\r\n            \r\n                <div class=\"col-md-6\">\r\n                    <div class=\"business-cta-3x business-cta-bg\" style=\"\r\n                        background: linear-gradient( rgba( 0, 59, 147,0.7 ), rgba( 0, 14, 110,0.8 ) ), url(https:\/\/eidmart.wpninjadevs.com\/wp\/wp-content\/uploads\/2021\/01\/blog-3-min-1.jpg);\r\n                        background-size: cover;\r\n                        background-repeat: no-repeat;\r\n                        background-position: center;\r\n                    \">\r\n                        <div class=\"cta-content text-right\">\r\n                            <i class=\"las la-percentage\"><\/i>                            <h3>Earn 30% commission<\/h3>                            <p>Our Market is the world\u2019s largest creative market place, selling millions of digital assets every year. With 30% affiliate commission, earning money has never been easier!<\/p>                            <a href=\"#\" class=\"btn-hover color-1\"> Become an Affiliate <\/a>                                                    <\/div>\r\n                    <\/div>\r\n                <\/div>\r\n\r\n            \r\n\t\t<\/div>\r\n  \t<\/section>\r\n\r\n\t\t\t<\/div>\n\t\t\t\t<\/div>\n\t\t\t\t\t<\/div>\n\t\t<\/div>\n\t\t\t\t\t\t\t<\/div>\n\t\t<\/section>\n\t\t\t\t\t\t\t<\/div>\n\t\t","protected":false},"excerpt":{"rendered":"<p>Mod\u00e8les et contrats types avec assistance au remplissage \u00e0 t\u00e9l\u00e9charger Notre plateforme vous propose une vari\u00e9t\u00e9 de contrats et de mod\u00e8les que vous pouvez t\u00e9l\u00e9charger facilement. Mod\u00e8les qui simplifient la vie Parcourez notre vaste biblioth\u00e8que de contrats et de mod\u00e8les. Que ce soit des accords de location, des contrats de travail, des mod\u00e8les commerciaux ou [&hellip;]<\/p>\n","protected":false},"author":1,"featured_media":0,"parent":0,"menu_order":0,"comment_status":"closed","ping_status":"closed","template":"page-templates\/page-template-without-banner.php","meta":{"inline_featured_image":false,"footnotes":""},"class_list":["post-8183","page","type-page","status-publish","hentry"],"yoast_head":"<!-- This site is optimized with the Yoast SEO plugin v21.5 - https:\/\/yoast.com\/wordpress\/plugins\/seo\/ -->\n<title>Produits et cat\u00e9gories - formsell<\/title>\n<meta name=\"robots\" content=\"index, follow, max-snippet:-1, max-image-preview:large, max-video-preview:-1\" \/>\n<link rel=\"canonical\" href=\"https:\/\/www.formsell.es\/fr\/produits-et-categories\" \/>\n<meta property=\"og:locale\" content=\"fr_FR\" \/>\n<meta property=\"og:type\" content=\"article\" \/>\n<meta property=\"og:title\" content=\"Produits et cat\u00e9gories - formsell\" \/>\n<meta property=\"og:description\" content=\"Mod\u00e8les et contrats types avec assistance au remplissage \u00e0 t\u00e9l\u00e9charger Notre plateforme vous propose une vari\u00e9t\u00e9 de contrats et de mod\u00e8les que vous pouvez t\u00e9l\u00e9charger facilement. Mod\u00e8les qui simplifient la vie Parcourez notre vaste biblioth\u00e8que de contrats et de mod\u00e8les. Que ce soit des accords de location, des contrats de travail, des mod\u00e8les commerciaux ou [&hellip;]\" \/>\n<meta property=\"og:url\" content=\"https:\/\/www.formsell.es\/fr\/produits-et-categories\" \/>\n<meta property=\"og:site_name\" content=\"formsell\" \/>\n<meta property=\"article:modified_time\" content=\"2023-08-16T07:05:50+00:00\" \/>\n<meta property=\"og:image\" content=\"https:\/\/www.formsell.es\/wp-content\/uploads\/2023\/08\/grafik-1.svg\" \/>\n<meta name=\"twitter:card\" content=\"summary_large_image\" \/>\n<meta name=\"twitter:label1\" content=\"Dur\u00e9e de lecture estim\u00e9e\" \/>\n\t<meta name=\"twitter:data1\" content=\"4 minutes\" \/>\n<script type=\"application\/ld+json\" class=\"yoast-schema-graph\">{\"@context\":\"https:\/\/schema.org\",\"@graph\":[{\"@type\":\"WebPage\",\"@id\":\"https:\/\/www.formsell.es\/fr\/produits-et-categories\",\"url\":\"https:\/\/www.formsell.es\/fr\/produits-et-categories\",\"name\":\"Produits et cat\u00e9gories - formsell\",\"isPartOf\":{\"@id\":\"https:\/\/www.formsell.es\/fr#website\"},\"datePublished\":\"2023-08-09T15:49:45+00:00\",\"dateModified\":\"2023-08-16T07:05:50+00:00\",\"breadcrumb\":{\"@id\":\"https:\/\/www.formsell.es\/fr\/produits-et-categories#breadcrumb\"},\"inLanguage\":\"fr-FR\",\"potentialAction\":[{\"@type\":\"ReadAction\",\"target\":[\"https:\/\/www.formsell.es\/fr\/produits-et-categories\"]}]},{\"@type\":\"BreadcrumbList\",\"@id\":\"https:\/\/www.formsell.es\/fr\/produits-et-categories#breadcrumb\",\"itemListElement\":[{\"@type\":\"ListItem\",\"position\":1,\"name\":\"Portada\",\"item\":\"https:\/\/www.formsell.es\/fr\"},{\"@type\":\"ListItem\",\"position\":2,\"name\":\"Produits et cat\u00e9gories\"}]},{\"@type\":\"WebSite\",\"@id\":\"https:\/\/www.formsell.es\/fr#website\",\"url\":\"https:\/\/www.formsell.es\/fr\",\"name\":\"formsell\",\"description\":\"\",\"potentialAction\":[{\"@type\":\"SearchAction\",\"target\":{\"@type\":\"EntryPoint\",\"urlTemplate\":\"https:\/\/www.formsell.es\/fr?s={search_term_string}\"},\"query-input\":\"required name=search_term_string\"}],\"inLanguage\":\"fr-FR\"}]}<\/script>\n<!-- \/ Yoast SEO plugin. -->","yoast_head_json":{"title":"Produits et cat\u00e9gories - formsell","robots":{"index":"index","follow":"follow","max-snippet":"max-snippet:-1","max-image-preview":"max-image-preview:large","max-video-preview":"max-video-preview:-1"},"canonical":"https:\/\/www.formsell.es\/fr\/produits-et-categories","og_locale":"fr_FR","og_type":"article","og_title":"Produits et cat\u00e9gories - formsell","og_description":"Mod\u00e8les et contrats types avec assistance au remplissage \u00e0 t\u00e9l\u00e9charger Notre plateforme vous propose une vari\u00e9t\u00e9 de contrats et de mod\u00e8les que vous pouvez t\u00e9l\u00e9charger facilement. Mod\u00e8les qui simplifient la vie Parcourez notre vaste biblioth\u00e8que de contrats et de mod\u00e8les. Que ce soit des accords de location, des contrats de travail, des mod\u00e8les commerciaux ou [&hellip;]","og_url":"https:\/\/www.formsell.es\/fr\/produits-et-categories","og_site_name":"formsell","article_modified_time":"2023-08-16T07:05:50+00:00","og_image":[{"url":"https:\/\/www.formsell.es\/wp-content\/uploads\/2023\/08\/grafik-1.svg"}],"twitter_card":"summary_large_image","twitter_misc":{"Dur\u00e9e de lecture estim\u00e9e":"4 minutes"},"schema":{"@context":"https:\/\/schema.org","@graph":[{"@type":"WebPage","@id":"https:\/\/www.formsell.es\/fr\/produits-et-categories","url":"https:\/\/www.formsell.es\/fr\/produits-et-categories","name":"Produits et cat\u00e9gories - formsell","isPartOf":{"@id":"https:\/\/www.formsell.es\/fr#website"},"datePublished":"2023-08-09T15:49:45+00:00","dateModified":"2023-08-16T07:05:50+00:00","breadcrumb":{"@id":"https:\/\/www.formsell.es\/fr\/produits-et-categories#breadcrumb"},"inLanguage":"fr-FR","potentialAction":[{"@type":"ReadAction","target":["https:\/\/www.formsell.es\/fr\/produits-et-categories"]}]},{"@type":"BreadcrumbList","@id":"https:\/\/www.formsell.es\/fr\/produits-et-categories#breadcrumb","itemListElement":[{"@type":"ListItem","position":1,"name":"Portada","item":"https:\/\/www.formsell.es\/fr"},{"@type":"ListItem","position":2,"name":"Produits et cat\u00e9gories"}]},{"@type":"WebSite","@id":"https:\/\/www.formsell.es\/fr#website","url":"https:\/\/www.formsell.es\/fr","name":"formsell","description":"","potentialAction":[{"@type":"SearchAction","target":{"@type":"EntryPoint","urlTemplate":"https:\/\/www.formsell.es\/fr?s={search_term_string}"},"query-input":"required name=search_term_string"}],"inLanguage":"fr-FR"}]}},"_links":{"self":[{"href":"https:\/\/www.formsell.es\/fr\/wp-json\/wp\/v2\/pages\/8183","targetHints":{"allow":["GET"]}}],"collection":[{"href":"https:\/\/www.formsell.es\/fr\/wp-json\/wp\/v2\/pages"}],"about":[{"href":"https:\/\/www.formsell.es\/fr\/wp-json\/wp\/v2\/types\/page"}],"author":[{"embeddable":true,"href":"https:\/\/www.formsell.es\/fr\/wp-json\/wp\/v2\/users\/1"}],"replies":[{"embeddable":true,"href":"https:\/\/www.formsell.es\/fr\/wp-json\/wp\/v2\/comments?post=8183"}],"version-history":[{"count":0,"href":"https:\/\/www.formsell.es\/fr\/wp-json\/wp\/v2\/pages\/8183\/revisions"}],"wp:attachment":[{"href":"https:\/\/www.formsell.es\/fr\/wp-json\/wp\/v2\/media?parent=8183"}],"curies":[{"name":"wp","href":"https:\/\/api.w.org\/{rel}","templated":true}]}}