{"id":9680,"date":"2023-08-16T11:37:56","date_gmt":"2023-08-16T11:37:56","guid":{"rendered":"https:\/\/www.formsell.es\/blog-y-noticias"},"modified":"2023-08-25T07:25:51","modified_gmt":"2023-08-25T07:25:51","slug":"blog-et-nouvelles","status":"publish","type":"page","link":"https:\/\/www.formsell.es\/fr\/blog-et-nouvelles","title":{"rendered":"Blog et nouvelles"},"content":{"rendered":"\t\t<div data-elementor-type=\"wp-page\" data-elementor-id=\"9680\" class=\"elementor elementor-9680 elementor-9668\">\n\t\t\t\t\t\t\t\t\t<section class=\"elementor-section elementor-top-section elementor-element elementor-element-80dcbd4 elementor-section-boxed elementor-section-height-default elementor-section-height-default\" data-id=\"80dcbd4\" data-element_type=\"section\">\n\t\t\t\t\t\t<div class=\"elementor-container elementor-column-gap-default\">\n\t\t\t\t\t<div class=\"elementor-column elementor-col-100 elementor-top-column elementor-element elementor-element-317e1f2\" data-id=\"317e1f2\" data-element_type=\"column\">\n\t\t\t<div class=\"elementor-widget-wrap elementor-element-populated\">\n\t\t\t\t\t\t\t\t<div class=\"elementor-element elementor-element-7ff7292 elementor-widget elementor-widget-eidmart_blog\" data-id=\"7ff7292\" data-element_type=\"widget\" data-widget_type=\"eidmart_blog.default\">\n\t\t\t\t<div class=\"elementor-widget-container\">\n\t\t\t\r\n\t<div class=\"blog-1x\">\r\n\t\t<div class=\"container-fluid\">\r\n\t\t\t<div class=\"row\">\r\n\r\n\t\t\t\t\t\t        <div class=\"col-md-12\">\r\n\t\t            <div class=\"title-middle\">\r\n\t\t                <h2>Blog et nouvelles<\/h2>\t\t                <p>Dans notre blog, nous vous tenons toujours inform\u00e9 des tendances les plus r\u00e9centes, des pratiques \u00e9prouv\u00e9es et des aspects juridiques qui sont pertinents pour vos activit\u00e9s commerciales. Avec cela, nous visons \u00e0 vous fournir des informations pr\u00e9cieuses et des ressources qui pourraient \u00eatre importantes pour vous.<\/p>\t\t            <\/div>\r\n\t\t        <\/div>\r\n\t\t        \r\n\t\t\t\t\r\n\t\t\t\t\t\t<div class=\"col-lg-4\">\r\n\t\t\t\t\t\t\t<div class=\"single-blog hover01\">\r\n\t\t\t\t\t\t\t\t<figure>\r\n\t\t\t\t\t\t\t\t\t<a href=\"https:\/\/www.formsell.es\/fr\/comment-fonctionne-la-carta-certificada-chez-correos-en-espagne\">\r\n\t\t\t                        \t<img fetchpriority=\"high\" decoding=\"async\" width=\"784\" height=\"663\" src=\"https:\/\/www.formsell.es\/wp-content\/uploads\/2023\/08\/correos-1.jpg\" class=\"attachment-post-thumbnail size-post-thumbnail wp-post-image\" alt=\"\" srcset=\"https:\/\/www.formsell.es\/wp-content\/uploads\/2023\/08\/correos-1.jpg 784w, https:\/\/www.formsell.es\/wp-content\/uploads\/2023\/08\/correos-1-300x254.jpg 300w, https:\/\/www.formsell.es\/wp-content\/uploads\/2023\/08\/correos-1-768x649.jpg 768w\" sizes=\"(max-width: 784px) 100vw, 784px\" \/>\t\t\t                        <\/a>\r\n\t\t\t\t\t\t\t\t<\/figure>\r\n\t\t\t\t\t\t\t\t<div class=\"blog-content\">\r\n\r\n\t\t\t\t\t\t\t\t\t<span><i class=\"fa fa-bookmark-o\"><\/i>\r\n\t\t\t\t\t\t\t\t\t\tInfoth\u00e8que\t\t\t\t\t\t\t\t\t<\/span>\r\n\r\n\t\t\t\t\t\t\t\t\t<a href=\"https:\/\/www.formsell.es\/fr\/comment-fonctionne-la-carta-certificada-chez-correos-en-espagne\" title=\"Comment fonctionne la \u00ab\u00a0carta certificada\u00a0\u00bb chez Correos en Espagne ?\">Comment fonctionne la \u00ab\u00a0carta certificada\u00a0\u00bb chez Correos en Espagne ?<\/a>\r\n\r\n\t\t\t\t\t\t            <div class=\"pub-meta\">\r\n\t\t\t\t\t\t                <span class=\"pub-author\">\r\n\t\t\t\t\t\t                  <i class=\"fa fa-user-o\"><\/i>Team formsell\t\t\t\t\t\t                <\/span>\r\n\t\t\t\t\t\t                <span class=\"pub-date\">\r\n\t\t\t\t\t\t                  <i class=\"fa fa-clock-o\"><\/i>28 Ao\u00fbt, 2023\t\t\t\t\t\t                <\/span>\r\n\t\t\t\t\t\t            <\/div>\r\n\r\n\t\t\t\t\t\t\t\t<\/div>\r\n\t\t\t\t\t\t\t<\/div>\r\n\t\t\t\t\t\t<\/div>\r\n\r\n\t\t\t\t\t\t\r\n\t\t\t\t\t\t<div class=\"col-lg-4\">\r\n\t\t\t\t\t\t\t<div class=\"single-blog hover01\">\r\n\t\t\t\t\t\t\t\t<figure>\r\n\t\t\t\t\t\t\t\t\t<a href=\"https:\/\/www.formsell.es\/fr\/que-dois-je-prendre-en-compte-lors-de-la-resiliation-dun-contrat-en-espagne\">\r\n\t\t\t                        \t<img decoding=\"async\" width=\"900\" height=\"600\" src=\"https:\/\/www.formsell.es\/wp-content\/uploads\/2023\/08\/cancelar-contrato.jpg\" class=\"attachment-post-thumbnail size-post-thumbnail wp-post-image\" alt=\"\" srcset=\"https:\/\/www.formsell.es\/wp-content\/uploads\/2023\/08\/cancelar-contrato.jpg 900w, https:\/\/www.formsell.es\/wp-content\/uploads\/2023\/08\/cancelar-contrato-300x200.jpg 300w, https:\/\/www.formsell.es\/wp-content\/uploads\/2023\/08\/cancelar-contrato-768x512.jpg 768w\" sizes=\"(max-width: 900px) 100vw, 900px\" \/>\t\t\t                        <\/a>\r\n\t\t\t\t\t\t\t\t<\/figure>\r\n\t\t\t\t\t\t\t\t<div class=\"blog-content\">\r\n\r\n\t\t\t\t\t\t\t\t\t<span><i class=\"fa fa-bookmark-o\"><\/i>\r\n\t\t\t\t\t\t\t\t\t\tInfoth\u00e8que\t\t\t\t\t\t\t\t\t<\/span>\r\n\r\n\t\t\t\t\t\t\t\t\t<a href=\"https:\/\/www.formsell.es\/fr\/que-dois-je-prendre-en-compte-lors-de-la-resiliation-dun-contrat-en-espagne\" title=\"Que dois-je prendre en compte lors de la r\u00e9siliation d&rsquo;un contrat en Espagne ?\">Que dois-je prendre en compte lors de la r\u00e9siliation d&rsquo;un contrat en Espagne ?<\/a>\r\n\r\n\t\t\t\t\t\t            <div class=\"pub-meta\">\r\n\t\t\t\t\t\t                <span class=\"pub-author\">\r\n\t\t\t\t\t\t                  <i class=\"fa fa-user-o\"><\/i>Team formsell\t\t\t\t\t\t                <\/span>\r\n\t\t\t\t\t\t                <span class=\"pub-date\">\r\n\t\t\t\t\t\t                  <i class=\"fa fa-clock-o\"><\/i>25 Ao\u00fbt, 2023\t\t\t\t\t\t                <\/span>\r\n\t\t\t\t\t\t            <\/div>\r\n\r\n\t\t\t\t\t\t\t\t<\/div>\r\n\t\t\t\t\t\t\t<\/div>\r\n\t\t\t\t\t\t<\/div>\r\n\r\n\t\t\t\t\t\t\r\n\t\t\t\t\t\t<div class=\"col-lg-4\">\r\n\t\t\t\t\t\t\t<div class=\"single-blog hover01\">\r\n\t\t\t\t\t\t\t\t<figure>\r\n\t\t\t\t\t\t\t\t\t<a href=\"https:\/\/www.formsell.es\/fr\/lettre-de-candidature-en-espagne-conseils-et-recommandations\">\r\n\t\t\t                        \t<img decoding=\"async\" width=\"900\" height=\"506\" src=\"https:\/\/www.formsell.es\/wp-content\/uploads\/2021\/01\/bigstock-Job-Seeker-In-Job-Interview-Me-477986883.jpg\" class=\"attachment-post-thumbnail size-post-thumbnail wp-post-image\" alt=\"\" srcset=\"https:\/\/www.formsell.es\/wp-content\/uploads\/2021\/01\/bigstock-Job-Seeker-In-Job-Interview-Me-477986883.jpg 900w, https:\/\/www.formsell.es\/wp-content\/uploads\/2021\/01\/bigstock-Job-Seeker-In-Job-Interview-Me-477986883-300x169.jpg 300w, https:\/\/www.formsell.es\/wp-content\/uploads\/2021\/01\/bigstock-Job-Seeker-In-Job-Interview-Me-477986883-768x432.jpg 768w\" sizes=\"(max-width: 900px) 100vw, 900px\" \/>\t\t\t                        <\/a>\r\n\t\t\t\t\t\t\t\t<\/figure>\r\n\t\t\t\t\t\t\t\t<div class=\"blog-content\">\r\n\r\n\t\t\t\t\t\t\t\t\t<span><i class=\"fa fa-bookmark-o\"><\/i>\r\n\t\t\t\t\t\t\t\t\t\tInfoth\u00e8que\t\t\t\t\t\t\t\t\t<\/span>\r\n\r\n\t\t\t\t\t\t\t\t\t<a href=\"https:\/\/www.formsell.es\/fr\/lettre-de-candidature-en-espagne-conseils-et-recommandations\" title=\"Lettre de Candidature en Espagne : Conseils et Recommandations\">Lettre de Candidature en Espagne : Conseils et Recommandations<\/a>\r\n\r\n\t\t\t\t\t\t            <div class=\"pub-meta\">\r\n\t\t\t\t\t\t                <span class=\"pub-author\">\r\n\t\t\t\t\t\t                  <i class=\"fa fa-user-o\"><\/i>Team formsell\t\t\t\t\t\t                <\/span>\r\n\t\t\t\t\t\t                <span class=\"pub-date\">\r\n\t\t\t\t\t\t                  <i class=\"fa fa-clock-o\"><\/i>24 Jan, 2021\t\t\t\t\t\t                <\/span>\r\n\t\t\t\t\t\t            <\/div>\r\n\r\n\t\t\t\t\t\t\t\t<\/div>\r\n\t\t\t\t\t\t\t<\/div>\r\n\t\t\t\t\t\t<\/div>\r\n\r\n\t\t\t\t\t\t\t\t        <div class=\"col-md-12\">\r\n\t\t            <br><br>\r\n\t\t            <div class=\"all-product-button\">\r\n\t\t                <a href=\"#\" class=\"btn-plain-text\"> View more <\/a>\r\n\t\t            <\/div>\r\n\t\t        <\/div>\r\n\t\t        \r\n\t\t\t<\/div>\r\n\t\t<\/div>\r\n\t<\/div>\r\n\r\n\t\t\t<\/div>\n\t\t\t\t<\/div>\n\t\t\t\t\t<\/div>\n\t\t<\/div>\n\t\t\t\t\t\t\t<\/div>\n\t\t<\/section>\n\t\t\t\t\t\t\t<\/div>\n\t\t","protected":false},"excerpt":{"rendered":"<p>Blog et nouvelles Dans notre blog, nous vous tenons toujours inform\u00e9 des tendances les plus r\u00e9centes, des pratiques \u00e9prouv\u00e9es et des aspects juridiques qui sont pertinents pour vos activit\u00e9s commerciales. Avec cela, nous visons \u00e0 vous fournir des informations pr\u00e9cieuses et des ressources qui pourraient \u00eatre importantes pour vous. Infoth\u00e8que Que dois-je prendre en compte [&hellip;]<\/p>\n","protected":false},"author":1,"featured_media":0,"parent":0,"menu_order":0,"comment_status":"closed","ping_status":"closed","template":"page-templates\/page-template-without-banner.php","meta":{"inline_featured_image":false,"footnotes":""},"class_list":["post-9680","page","type-page","status-publish","hentry"],"yoast_head":"<!-- This site is optimized with the Yoast SEO plugin v21.5 - https:\/\/yoast.com\/wordpress\/plugins\/seo\/ -->\n<title>Blog et nouvelles - formsell<\/title>\n<meta name=\"robots\" content=\"index, follow, max-snippet:-1, max-image-preview:large, max-video-preview:-1\" \/>\n<link rel=\"canonical\" href=\"https:\/\/www.formsell.es\/fr\/blog-et-nouvelles\" \/>\n<meta property=\"og:locale\" content=\"fr_FR\" \/>\n<meta property=\"og:type\" content=\"article\" \/>\n<meta property=\"og:title\" content=\"Blog et nouvelles - formsell\" \/>\n<meta property=\"og:description\" content=\"Blog et nouvelles Dans notre blog, nous vous tenons toujours inform\u00e9 des tendances les plus r\u00e9centes, des pratiques \u00e9prouv\u00e9es et des aspects juridiques qui sont pertinents pour vos activit\u00e9s commerciales. Avec cela, nous visons \u00e0 vous fournir des informations pr\u00e9cieuses et des ressources qui pourraient \u00eatre importantes pour vous. Infoth\u00e8que Que dois-je prendre en compte [&hellip;]\" \/>\n<meta property=\"og:url\" content=\"https:\/\/www.formsell.es\/fr\/blog-et-nouvelles\" \/>\n<meta property=\"og:site_name\" content=\"formsell\" \/>\n<meta property=\"article:modified_time\" content=\"2023-08-25T07:25:51+00:00\" \/>\n<meta property=\"og:image\" content=\"https:\/\/www.formsell.es\/wp-content\/uploads\/2023\/08\/cancelar-contrato.jpg\" \/>\n<meta name=\"twitter:card\" content=\"summary_large_image\" \/>\n<meta name=\"twitter:label1\" content=\"Dur\u00e9e de lecture estim\u00e9e\" \/>\n\t<meta name=\"twitter:data1\" content=\"1 minute\" \/>\n<script type=\"application\/ld+json\" class=\"yoast-schema-graph\">{\"@context\":\"https:\/\/schema.org\",\"@graph\":[{\"@type\":\"WebPage\",\"@id\":\"https:\/\/www.formsell.es\/fr\/blog-et-nouvelles\",\"url\":\"https:\/\/www.formsell.es\/fr\/blog-et-nouvelles\",\"name\":\"Blog et nouvelles - formsell\",\"isPartOf\":{\"@id\":\"https:\/\/www.formsell.es\/fr#website\"},\"datePublished\":\"2023-08-16T11:37:56+00:00\",\"dateModified\":\"2023-08-25T07:25:51+00:00\",\"breadcrumb\":{\"@id\":\"https:\/\/www.formsell.es\/fr\/blog-et-nouvelles#breadcrumb\"},\"inLanguage\":\"fr-FR\",\"potentialAction\":[{\"@type\":\"ReadAction\",\"target\":[\"https:\/\/www.formsell.es\/fr\/blog-et-nouvelles\"]}]},{\"@type\":\"BreadcrumbList\",\"@id\":\"https:\/\/www.formsell.es\/fr\/blog-et-nouvelles#breadcrumb\",\"itemListElement\":[{\"@type\":\"ListItem\",\"position\":1,\"name\":\"Portada\",\"item\":\"https:\/\/www.formsell.es\/fr\"},{\"@type\":\"ListItem\",\"position\":2,\"name\":\"Blog et nouvelles\"}]},{\"@type\":\"WebSite\",\"@id\":\"https:\/\/www.formsell.es\/fr#website\",\"url\":\"https:\/\/www.formsell.es\/fr\",\"name\":\"formsell\",\"description\":\"\",\"potentialAction\":[{\"@type\":\"SearchAction\",\"target\":{\"@type\":\"EntryPoint\",\"urlTemplate\":\"https:\/\/www.formsell.es\/fr?s={search_term_string}\"},\"query-input\":\"required name=search_term_string\"}],\"inLanguage\":\"fr-FR\"}]}<\/script>\n<!-- \/ Yoast SEO plugin. -->","yoast_head_json":{"title":"Blog et nouvelles - formsell","robots":{"index":"index","follow":"follow","max-snippet":"max-snippet:-1","max-image-preview":"max-image-preview:large","max-video-preview":"max-video-preview:-1"},"canonical":"https:\/\/www.formsell.es\/fr\/blog-et-nouvelles","og_locale":"fr_FR","og_type":"article","og_title":"Blog et nouvelles - formsell","og_description":"Blog et nouvelles Dans notre blog, nous vous tenons toujours inform\u00e9 des tendances les plus r\u00e9centes, des pratiques \u00e9prouv\u00e9es et des aspects juridiques qui sont pertinents pour vos activit\u00e9s commerciales. Avec cela, nous visons \u00e0 vous fournir des informations pr\u00e9cieuses et des ressources qui pourraient \u00eatre importantes pour vous. Infoth\u00e8que Que dois-je prendre en compte [&hellip;]","og_url":"https:\/\/www.formsell.es\/fr\/blog-et-nouvelles","og_site_name":"formsell","article_modified_time":"2023-08-25T07:25:51+00:00","og_image":[{"url":"https:\/\/www.formsell.es\/wp-content\/uploads\/2023\/08\/cancelar-contrato.jpg"}],"twitter_card":"summary_large_image","twitter_misc":{"Dur\u00e9e de lecture estim\u00e9e":"1 minute"},"schema":{"@context":"https:\/\/schema.org","@graph":[{"@type":"WebPage","@id":"https:\/\/www.formsell.es\/fr\/blog-et-nouvelles","url":"https:\/\/www.formsell.es\/fr\/blog-et-nouvelles","name":"Blog et nouvelles - formsell","isPartOf":{"@id":"https:\/\/www.formsell.es\/fr#website"},"datePublished":"2023-08-16T11:37:56+00:00","dateModified":"2023-08-25T07:25:51+00:00","breadcrumb":{"@id":"https:\/\/www.formsell.es\/fr\/blog-et-nouvelles#breadcrumb"},"inLanguage":"fr-FR","potentialAction":[{"@type":"ReadAction","target":["https:\/\/www.formsell.es\/fr\/blog-et-nouvelles"]}]},{"@type":"BreadcrumbList","@id":"https:\/\/www.formsell.es\/fr\/blog-et-nouvelles#breadcrumb","itemListElement":[{"@type":"ListItem","position":1,"name":"Portada","item":"https:\/\/www.formsell.es\/fr"},{"@type":"ListItem","position":2,"name":"Blog et nouvelles"}]},{"@type":"WebSite","@id":"https:\/\/www.formsell.es\/fr#website","url":"https:\/\/www.formsell.es\/fr","name":"formsell","description":"","potentialAction":[{"@type":"SearchAction","target":{"@type":"EntryPoint","urlTemplate":"https:\/\/www.formsell.es\/fr?s={search_term_string}"},"query-input":"required name=search_term_string"}],"inLanguage":"fr-FR"}]}},"_links":{"self":[{"href":"https:\/\/www.formsell.es\/fr\/wp-json\/wp\/v2\/pages\/9680","targetHints":{"allow":["GET"]}}],"collection":[{"href":"https:\/\/www.formsell.es\/fr\/wp-json\/wp\/v2\/pages"}],"about":[{"href":"https:\/\/www.formsell.es\/fr\/wp-json\/wp\/v2\/types\/page"}],"author":[{"embeddable":true,"href":"https:\/\/www.formsell.es\/fr\/wp-json\/wp\/v2\/users\/1"}],"replies":[{"embeddable":true,"href":"https:\/\/www.formsell.es\/fr\/wp-json\/wp\/v2\/comments?post=9680"}],"version-history":[{"count":0,"href":"https:\/\/www.formsell.es\/fr\/wp-json\/wp\/v2\/pages\/9680\/revisions"}],"wp:attachment":[{"href":"https:\/\/www.formsell.es\/fr\/wp-json\/wp\/v2\/media?parent=9680"}],"curies":[{"name":"wp","href":"https:\/\/api.w.org\/{rel}","templated":true}]}}